{"id":3152,"date":"2025-06-18T15:07:02","date_gmt":"2025-06-18T13:07:02","guid":{"rendered":"https:\/\/kingloui-musik.de\/?page_id=3152"},"modified":"2025-06-18T15:13:05","modified_gmt":"2025-06-18T13:13:05","slug":"impressum","status":"publish","type":"page","link":"https:\/\/kingloui-musik.de\/?page_id=3152","title":{"rendered":"Impressum"},"content":{"rendered":"<h2 data-start=\"455\" data-end=\"474\">\ud83e\uddfe <strong data-start=\"461\" data-end=\"474\">Impressum<\/strong><\/h2>\n<p data-start=\"476\" data-end=\"567\"><strong data-start=\"476\" data-end=\"502\">Angaben gem\u00e4\u00df \u00a7 5 TMG:<\/strong><br data-start=\"502\" data-end=\"505\" \/><strong data-start=\"505\" data-end=\"522\">King Loui GbR<\/strong><br data-start=\"522\" data-end=\"525\" \/>Herkenrathweg 9<br data-start=\"540\" data-end=\"543\" \/>51107 K\u00f6ln<br data-start=\"553\" data-end=\"556\" \/>Deutschland<\/p>\n<p data-start=\"569\" data-end=\"694\"><strong data-start=\"569\" data-end=\"608\">Vertreten durch die Gesellschafter:<\/strong><br data-start=\"608\" data-end=\"611\" \/>Max Rohde<br data-start=\"620\" data-end=\"623\" \/>Pascal Boudali<br data-start=\"637\" data-end=\"640\" \/>Harun Berkovic<br data-start=\"654\" data-end=\"657\" \/>Julian Grossmann<br data-start=\"673\" data-end=\"676\" \/>Kai Scharrenbroich<\/p>\n<p data-start=\"696\" data-end=\"768\"><strong data-start=\"696\" data-end=\"708\">Kontakt:<\/strong><br data-start=\"708\" data-end=\"711\" \/>Telefon: +49 160 6335350<br data-start=\"735\" data-end=\"738\" \/>E-Mail: <a class=\"cursor-pointer\" rel=\"noopener\" data-start=\"746\" data-end=\"768\">info@kingloui-musik.de<\/a><\/p>\n<p data-start=\"770\" data-end=\"874\"><strong data-start=\"770\" data-end=\"790\">Umsatzsteuer-ID:<\/strong><br data-start=\"790\" data-end=\"793\" \/>USt-IdNr. gem\u00e4\u00df \u00a7 27a Umsatzsteuergesetz: <em data-start=\"835\" data-end=\"874\">[optional eintragen, falls vorhanden]<\/em><\/p>\n<p data-start=\"876\" data-end=\"982\"><strong data-start=\"876\" data-end=\"932\">Verantwortlich f\u00fcr den Inhalt nach \u00a7 55 Abs. 2 RStV:<\/strong><br data-start=\"932\" data-end=\"935\" \/><em data-start=\"935\" data-end=\"982\">Max Rohde, Adresse wie oben<\/em><\/p>\n<hr data-start=\"984\" data-end=\"987\" \/>\n<h3 data-start=\"989\" data-end=\"1012\">Streitschlichtung<\/h3>\n<p data-start=\"1013\" data-end=\"1136\">Wir sind nicht bereit oder verpflichtet, an Streitbeilegungsverfahren vor einer Verbraucherschlichtungsstelle teilzunehmen.<\/p>\n<hr data-start=\"1138\" data-end=\"1141\" \/>\n<h3 data-start=\"1143\" data-end=\"1168\">Haftung f\u00fcr Inhalte<\/h3>\n<p data-start=\"1169\" data-end=\"1843\">Als Diensteanbieter sind wir gem\u00e4\u00df \u00a7 7 Abs. 1 TMG f\u00fcr eigene Inhalte auf diesen Seiten nach den allgemeinen Gesetzen verantwortlich.<br data-start=\"1301\" data-end=\"1304\" \/>Nach \u00a7\u00a7 8 bis 10 TMG sind wir jedoch nicht verpflichtet, \u00fcbermittelte oder gespeicherte fremde Informationen zu \u00fcberwachen oder nach Umst\u00e4nden zu forschen, die auf eine rechtswidrige T\u00e4tigkeit hinweisen.<br data-start=\"1507\" data-end=\"1510\" \/>Verpflichtungen zur Entfernung oder Sperrung der Nutzung von Informationen nach den allgemeinen Gesetzen bleiben hiervon unber\u00fchrt. Eine Haftung ist jedoch erst ab dem Zeitpunkt der Kenntnis einer konkreten Rechtsverletzung m\u00f6glich. Bei Bekanntwerden von entsprechenden Rechtsverletzungen werden wir diese Inhalte umgehend entfernen.<\/p>\n<hr data-start=\"1845\" data-end=\"1848\" \/>\n<h3 data-start=\"1850\" data-end=\"1873\">Haftung f\u00fcr Links<\/h3>\n<p data-start=\"1874\" data-end=\"2493\">Unser Angebot enth\u00e4lt Links zu externen Websites Dritter, auf deren Inhalte wir keinen Einfluss haben.<br data-start=\"1976\" data-end=\"1979\" \/>Deshalb k\u00f6nnen wir f\u00fcr diese fremden Inhalte auch keine Gew\u00e4hr \u00fcbernehmen. F\u00fcr die Inhalte der verlinkten Seiten ist stets der jeweilige Anbieter oder Betreiber verantwortlich.<br data-start=\"2155\" data-end=\"2158\" \/>Zum Zeitpunkt der Verlinkung wurden die Seiten auf m\u00f6gliche Rechtsverst\u00f6\u00dfe \u00fcberpr\u00fcft, rechtswidrige Inhalte waren nicht erkennbar. Eine permanente inhaltliche Kontrolle der verlinkten Seiten ist jedoch ohne konkrete Anhaltspunkte nicht zumutbar.<br data-start=\"2403\" data-end=\"2406\" \/>Bei Bekanntwerden von Rechtsverletzungen werden wir derartige Links umgehend entfernen.<\/p>\n<hr data-start=\"2495\" data-end=\"2498\" \/>\n<h3 data-start=\"2500\" data-end=\"2518\">Urheberrecht<\/h3>\n<p data-start=\"2519\" data-end=\"3242\">Die durch die Seitenbetreiber erstellten Inhalte und Werke auf dieser Website unterliegen dem deutschen Urheberrecht.<br data-start=\"2636\" data-end=\"2639\" \/>Die Vervielf\u00e4ltigung, Bearbeitung, Verbreitung und jede Art der Verwertung au\u00dferhalb der Grenzen des Urheberrechts bed\u00fcrfen der schriftlichen Zustimmung des jeweiligen Autors.<br data-start=\"2814\" data-end=\"2817\" \/>Downloads und Kopien dieser Seite sind nur f\u00fcr den privaten, nicht kommerziellen Gebrauch gestattet.<br data-start=\"2917\" data-end=\"2920\" \/>Soweit Inhalte auf dieser Seite nicht vom Betreiber erstellt wurden, werden die Urheberrechte Dritter beachtet.<br data-start=\"3031\" data-end=\"3034\" \/>Sollten Sie trotzdem auf eine Urheberrechtsverletzung aufmerksam werden, bitten wir um einen entsprechenden Hinweis.<br data-start=\"3150\" data-end=\"3153\" \/>Bei Bekanntwerden von Rechtsverletzungen werden wir derartige Inhalte umgehend entfernen.<\/p>\n<hr data-start=\"3244\" data-end=\"3247\" \/>\n<h3 data-start=\"3249\" data-end=\"3293\">Technische Umsetzung und Design durch:<\/h3>\n<p data-start=\"3294\" data-end=\"3409\"><strong data-start=\"3294\" data-end=\"3321\">MVMNTS UG<\/strong><br data-start=\"3321\" data-end=\"3324\" \/>Plattform f\u00fcr kreative Marken<br data-start=\"3368\" data-end=\"3371\" \/><a class=\"\" href=\"https:\/\/www.mvmnts.de\" target=\"_new\" rel=\"noopener\" data-start=\"3371\" data-end=\"3409\">www.mvmnts.de<\/a><\/p>\n","protected":false},"excerpt":{"rendered":"<p>\ud83e\uddfe Impressum Angaben gem\u00e4\u00df \u00a7 5 TMG:King Loui GbRHerkenrathweg 951107 K\u00f6lnDeutschland Vertreten durch die Gesellschafter:Max RohdePascal BoudaliHarun BerkovicJulian GrossmannKai Scharrenbroich Kontakt:Telefon: +49 160 6335350E-Mail: info@kingloui-musik.de Umsatzsteuer-ID:USt-IdNr. gem\u00e4\u00df \u00a7 27a Umsatzsteuergesetz: [optional eintragen, falls vorhanden] Verantwortlich f\u00fcr den Inhalt nach \u00a7 55 Abs. 2 RStV:Max Rohde, Adresse wie oben Streitschlichtung Wir sind nicht bereit oder verpflichtet,&#8230;<\/p>\n<p><a rel=\"bookmark\" class=\"theme-button-solid-accent wolf-core-button wolf-core-button-size-sm\" href=\"https:\/\/kingloui-musik.de\/?page_id=3152\"><span>Continue reading<\/span><\/a><\/p>\n","protected":false},"author":1,"featured_media":3104,"parent":0,"menu_order":0,"comment_status":"closed","ping_status":"closed","template":"","meta":{"footnotes":""},"class_list":{"0":"post-3152","1":"page","2":"type-page","3":"status-publish","4":"has-post-thumbnail","5":"hentry","6":"entry","7":"clearfix","8":"entry-grid","9":"entry-columns-default","10":"entry-page-module-layout-standard","11":"thumbnail-color-tone-dark","12":"entry-page","14":"entry-page-grid"},"_links":{"self":[{"href":"https:\/\/kingloui-musik.de\/index.php?rest_route=\/wp\/v2\/pages\/3152","targetHints":{"allow":["GET"]}}],"collection":[{"href":"https:\/\/kingloui-musik.de\/index.php?rest_route=\/wp\/v2\/pages"}],"about":[{"href":"https:\/\/kingloui-musik.de\/index.php?rest_route=\/wp\/v2\/types\/page"}],"author":[{"embeddable":true,"href":"https:\/\/kingloui-musik.de\/index.php?rest_route=\/wp\/v2\/users\/1"}],"replies":[{"embeddable":true,"href":"https:\/\/kingloui-musik.de\/index.php?rest_route=%2Fwp%2Fv2%2Fcomments&post=3152"}],"version-history":[{"count":1,"href":"https:\/\/kingloui-musik.de\/index.php?rest_route=\/wp\/v2\/pages\/3152\/revisions"}],"predecessor-version":[{"id":3153,"href":"https:\/\/kingloui-musik.de\/index.php?rest_route=\/wp\/v2\/pages\/3152\/revisions\/3153"}],"wp:featuredmedia":[{"embeddable":true,"href":"https:\/\/kingloui-musik.de\/index.php?rest_route=\/wp\/v2\/media\/3104"}],"wp:attachment":[{"href":"https:\/\/kingloui-musik.de\/index.php?rest_route=%2Fwp%2Fv2%2Fmedia&parent=3152"}],"curies":[{"name":"wp","href":"https:\/\/api.w.org\/{rel}","templated":true}]}}